{"id":530874,"date":"2019-03-30T17:34:13","date_gmt":"2019-03-30T17:34:13","guid":{"rendered":"http:\/\/www.sarlux.saras.it\/?page_id=530874"},"modified":"2025-07-16T10:11:18","modified_gmt":"2025-07-16T10:11:18","slug":"cosa-facciamo-servizi-bunkeraggio","status":"publish","type":"page","link":"https:\/\/www.sarlux.saras.it\/it\/cosa-facciamo-servizi-bunkeraggio\/","title":{"rendered":"Servizi di bunkeraggio"},"content":{"rendered":"<div class=\"wpb-content-wrapper\"><p>[vc_row full_width=&#8221;stretch_row_content_no_spaces&#8221; css=&#8221;.vc_custom_1728307577932{margin-top: 0px !important;padding-top: 0px !important;background-image: url(https:\/\/stage.sarlux.saras.it\/wp-content\/uploads\/2024\/10\/sarlux-terminali-marittimi-004.jpg?id=546109) !important;background-position: center !important;background-repeat: no-repeat !important;background-size: cover !important;}&#8221;][vc_column][vc_empty_space height=&#8221;75px&#8221;][vc_row_inner][vc_column_inner width=&#8221;1\/12&#8243;][\/vc_column_inner][vc_column_inner width=&#8221;1\/12&#8243;][\/vc_column_inner][vc_column_inner width=&#8221;8\/12&#8243;][vc_column_text css=&#8221;.vc_custom_1575278198883{margin-top: 0px !important;padding-top: 0px !important;padding-bottom: 10px !important;}&#8221;]<\/p>\n<h1 style=\"text-align: center;\"><span style=\"color: #f5f5f5;\"><strong>Servizi di bunkeraggio<\/strong><\/span><\/h1>\n<p>[\/vc_column_text][\/vc_column_inner][vc_column_inner width=&#8221;2\/12&#8243;][\/vc_column_inner][\/vc_row_inner][vc_empty_space height=&#8221;115px&#8221;][vc_row_inner][vc_column_inner width=&#8221;1\/12&#8243;][\/vc_column_inner][vc_column_inner width=&#8221;1\/12&#8243;][vc_column_text css=&#8221;.vc_custom_1579776437060{padding-top: 10px !important;padding-bottom: 10px !important;background-color: #0056a6 !important;border-radius: 5px !important;}&#8221;]<\/p>\n<h6 style=\"text-align: center;\"><span style=\"color: #f5f5f5; font-size: 12px;\">COSA FACCIAMO<\/span><\/h6>\n<p>[\/vc_column_text][\/vc_column_inner][vc_column_inner width=&#8221;8\/12&#8243;][\/vc_column_inner][vc_column_inner width=&#8221;2\/12&#8243;][\/vc_column_inner][\/vc_row_inner][\/vc_column][\/vc_row][vc_row][vc_column][vc_column_text]<\/p>\n<h4 style=\"text-align: left;\"><strong>Nelle aree dedicate dei terminali marittimi Sarlux e del porto di Cagliari \u00e8 attivo il primo hub di bunkeraggio sostenibile del Mediterraneo.<\/strong><\/h4>\n<p>[\/vc_column_text][vc_empty_space height=&#8221;10px&#8221;][\/vc_column][\/vc_row][vc_row][vc_column width=&#8221;1\/2&#8243;][vc_column_text]<\/p>\n<p style=\"text-align: center;\"><iframe loading=\"lazy\" src=\"https:\/\/www.youtube-nocookie.com\/embed\/-z2kiYOyKIQ?rel=0&amp;autoplay=0&amp;hl=it&amp;loop=1\" width=\"600\" height=\"335\" frameborder=\"0\" allowfullscreen=\"allowfullscreen\" data-mce-fragment=\"1\"><\/iframe><\/p>\n<p>[\/vc_column_text][\/vc_column][vc_column width=&#8221;1\/2&#8243;][vc_empty_space height=&#8221;8px&#8221;][vc_column_text css=&#8221;&#8221;]La raffineria\u00a0<strong>Sarlux<\/strong>\u00a0produce, oltre alla gamma completa dei combustibili tradizionali e al diesel marino,\u00a0il nuovo olio combustibile ecologico chiamato VLSFO (Very Low Sulphur Fuel Oil) a bassissimo tenore di zolfo\u00a0(max 0,5% come da ultime specifiche IMO 2020).<br \/>\n<strong>Un servizio innovativo e moderno che rappresenta\u00a0una rivoluzione nel settore del bunkeraggio a livello internazionale\u00a0e che porter\u00e0 alla\u00a0produzione di ritrovati a emissioni vicine allo zero.<\/strong><\/p>\n<p>Il servizio offerto da\u00a0<strong>Saras<\/strong>\u00a0\u00e8 configurato per soddisfare i bisogni delle navi in arrivo e partenza dai porti di Sarroch e Cagliari e per offrire ulteriori possibilit\u00e0 di rifornimento, sia in banchina che direttamente in mare, alle numerose navi che transitano lungo il canale di Sicilia e il Tirreno.[\/vc_column_text][\/vc_column][\/vc_row][vc_row][vc_column][vc_empty_space height=&#8221;8px&#8221;][vc_column_text]<strong>Il servizio di bunkeraggio si avvale delle tecniche pi\u00f9 efficienti e innovative del settore.\u00a0<\/strong>Il rifornimento viene effettuato mediante navi moderne, speci\ufb01catamente adibite a questo servizio, e dotate dei pi\u00f9 avanzati apparati di sicurezza ed equipaggi addestrati, al \ufb01ne garantire un\u2019operativit\u00e0 nel pieno rispetto delle norme ambientali, di salute e sicurezza.[\/vc_column_text][\/vc_column][\/vc_row][vc_row][vc_column width=&#8221;1\/3&#8243;][\/vc_column][vc_column width=&#8221;1\/3&#8243;]\n<div id=\"interactive-banner-1-wrap-7204\" class=\"ult-banner-block ult-adjust-bottom-margin ult-bb-box  banner-style01 \"   style=\"\">\n\t<img decoding=\"async\" src=\"https:\/\/www.sarlux.saras.it\/wp-content\/uploads\/2022\/08\/SARAS-BUNKER_cover.jpg\" alt=\"null\">\n\t<h3  data-ultimate-target='#interactive-banner-1-wrap-7204 .bb-top-title '  data-responsive-json-new='{\"font-size\":\"\",\"line-height\":\"\"}'  class=\"title-center bb-top-title ult-responsive\" style=\"font-weight:normal;background:#8224e3;color:#ffffff;\">BUNKERAGGIO<\/h3>\n\t<div class=\"mask opaque-background\" style=\"background:#8224e3;\">\n\t\t<div  data-ultimate-target='#interactive-banner-1-wrap-7204 .bb-description'  data-responsive-json-new='{\"font-size\":\"\",\"line-height\":\"\"}'  class=\"bb-description ult-responsive\" style=\"font-weight:normal;color:#ffffff;\">Ulteriori informazioni e i nostri contatti<\/div>\n\t<\/div><a class=\"bb-link\" href=\"https:\/\/www.sarlux.saras.it\/it\/\/?smd_process_download=1&#038;download_id=544600\" target=\"_blank\" rel=\"noopener\" ><\/a>\n<\/div>[\/vc_column][vc_column width=&#8221;1\/3&#8243;][\/vc_column][\/vc_row][vc_row][vc_column][vc_empty_space][vc_single_image image=&#8221;541210&#8243; img_size=&#8221;full&#8221;][vc_column_text css=&#8221;.vc_custom_1752660660520{padding-top: 10px !important;padding-bottom: 10px !important;}&#8221;]<\/p>\n<h6><span style=\"font-size: 12px;\">Fonte: Dichiarazione Ambientale Sarlux 2025 e Saras Rapporto ESG 2024<\/span><\/h6>\n<p>[\/vc_column_text][vc_empty_space height=&#8221;64px&#8221;][\/vc_column][\/vc_row][vc_row full_width=&#8221;stretch_row&#8221;][vc_column][vc_column_text css=&#8221;.vc_custom_1578932729611{margin-top: 0px !important;border-bottom-width: 1px !important;padding-top: 0px !important;padding-bottom: 4px !important;border-bottom-color: #0056a6 !important;border-bottom-style: solid !important;}&#8221;]<\/p>\n<h4 style=\"text-align: left;\">Pagine correlate<\/h4>\n<p>[\/vc_column_text][\/vc_column][\/vc_row][vc_row][vc_column width=&#8221;1\/4&#8243;]\n<div id=\"interactive-banner-1-wrap-3701\" class=\"ult-banner-block ult-adjust-bottom-margin ult-bb-box  banner-style11 \"   style=\"\">\n\t<img decoding=\"async\" src=\"https:\/\/www.sarlux.saras.it\/wp-content\/uploads\/2019\/03\/01-raffinazione-PH-364-PAN00616-1.jpg\" alt=\"null\">\n\t<h3  data-ultimate-target='#interactive-banner-1-wrap-3701 .bb-top-title '  data-responsive-json-new='{\"font-size\":\"\",\"line-height\":\"\"}'  class=\"title-center bb-top-title ult-responsive\" style=\"font-weight:normal;background:#0056a6;color:#ffffff;\">RAFFINAZIONE<\/h3>\n\t<div class=\"mask opaque-background\" style=\"background:#0056a6;\">\n\t\t<div  data-ultimate-target='#interactive-banner-1-wrap-3701 .bb-description'  data-responsive-json-new='{\"font-size\":\"desktop:12px;\",\"line-height\":\"\"}'  class=\"bb-description ult-responsive\" style=\"font-weight:normal;color:#ffffff;\">Sarlux \u00e8 una delle raffinerie pi\u00f9 grandi del Mediterraneo per capacit\u00e0 produttiva e una delle pi\u00f9 avanzate in termini di complessit\u00e0 degli impianti.<\/div>\n\t<\/div><a class=\"bb-link\" href=\"https:\/\/www.sarlux.saras.it\/it\/cosa-facciamo-raffinazione\/\" ><\/a>\n<\/div>[\/vc_column][vc_column width=&#8221;1\/4&#8243;]\n<div id=\"interactive-banner-1-wrap-6317\" class=\"ult-banner-block ult-adjust-bottom-margin ult-bb-box  banner-style11 \"   style=\"\">\n\t<img decoding=\"async\" src=\"https:\/\/www.sarlux.saras.it\/wp-content\/uploads\/2019\/03\/02-produzione-energia-Sarlux-083-DPS_2578.jpg\" alt=\"null\">\n\t<h3  data-ultimate-target='#interactive-banner-1-wrap-6317 .bb-top-title '  data-responsive-json-new='{\"font-size\":\"\",\"line-height\":\"\"}'  class=\"title-center bb-top-title ult-responsive\" style=\"font-weight:normal;background:#0056a6;color:#ffffff;\">PRODUZIONE DI ENERGIA<\/h3>\n\t<div class=\"mask opaque-background\" style=\"background:#0056a6;\">\n\t\t<div  data-ultimate-target='#interactive-banner-1-wrap-6317 .bb-description'  data-responsive-json-new='{\"font-size\":\"desktop:12px;\",\"line-height\":\"\"}'  class=\"bb-description ult-responsive\" style=\"font-weight:normal;color:#ffffff;\">L\u2019IGCC (Integrated Gasification Combined Cycle) di Sarlux produce energia elettrica, idrogeno e vapore a partire dagli idrocarburi pesanti derivanti dal processo di raffinazione.<\/div>\n\t<\/div><a class=\"bb-link\" href=\"https:\/\/www.sarlux.saras.it\/it\/cosa-facciamo-produzione-energia\/\" ><\/a>\n<\/div>[\/vc_column][vc_column width=&#8221;1\/4&#8243;]\n<div id=\"interactive-banner-1-wrap-4193\" class=\"ult-banner-block ult-adjust-bottom-margin ult-bb-box  banner-style11 \"   style=\"\">\n\t<img decoding=\"async\" src=\"https:\/\/www.sarlux.saras.it\/wp-content\/uploads\/2019\/03\/03-terminali-marittimi-Saras-Sarlux-075-DRONE001.jpg\" alt=\"null\">\n\t<h3  data-ultimate-target='#interactive-banner-1-wrap-4193 .bb-top-title '  data-responsive-json-new='{\"font-size\":\"\",\"line-height\":\"\"}'  class=\"title-center bb-top-title ult-responsive\" style=\"font-weight:normal;background:#0056a6;color:#ffffff;\">TERMINALI MARITTIMI<\/h3>\n\t<div class=\"mask opaque-background\" style=\"background:#0056a6;\">\n\t\t<div  data-ultimate-target='#interactive-banner-1-wrap-4193 .bb-description'  data-responsive-json-new='{\"font-size\":\"desktop:12px;\",\"line-height\":\"\"}'  class=\"bb-description ult-responsive\" style=\"font-weight:normal;color:#ffffff;\">In una posizione strategica al centro del Mediterraneo dai terminali marittimi Sarlux passa la totalit\u00e0 delle materie prime in ingresso nella raffineria e una parte rilevante dei prodotti petroliferi in uscita dal sito.<\/div>\n\t<\/div><a class=\"bb-link\" href=\"https:\/\/www.sarlux.saras.it\/it\/cosa-facciamo-terminali-marittimi\/\" ><\/a>\n<\/div>[\/vc_column][vc_column width=&#8221;1\/4&#8243;]\n<div id=\"interactive-banner-1-wrap-2120\" class=\"ult-banner-block ult-adjust-bottom-margin ult-bb-box  banner-style11 \"   style=\"\">\n\t<img decoding=\"async\" src=\"https:\/\/www.sarlux.saras.it\/wp-content\/uploads\/2024\/10\/esplora-Sarlux-correlata-impianti.jpg\" alt=\"null\">\n\t<h3  data-ultimate-target='#interactive-banner-1-wrap-2120 .bb-top-title '  data-responsive-json-new='{\"font-size\":\"\",\"line-height\":\"\"}'  class=\"title-center bb-top-title ult-responsive\" style=\"font-weight:normal;background:#0056a6;color:#ffffff;\">RAFFINERIA INTERATTIVA<\/h3>\n\t<div class=\"mask opaque-background\" style=\"background:#0056a6;\">\n\t\t<div  data-ultimate-target='#interactive-banner-1-wrap-2120 .bb-description'  data-responsive-json-new='{\"font-size\":\"desktop:12px;\",\"line-height\":\"\"}'  class=\"bb-description ult-responsive\" style=\"font-weight:normal;color:#ffffff;\">Infografiche interattive consentono l\u2019esplorazione dettagliata e chiara delle lavorazioni nella raffineria e dei percorsi dei prodotti nel mondo.<\/div>\n\t<\/div><a class=\"bb-link\" href=\"https:\/\/www.sarlux.saras.it\/it\/cosa-facciamo-visita-interattiva-raffineria\/\" ><\/a>\n<\/div>[\/vc_column][\/vc_row][vc_row][vc_column][vc_empty_space][vc_icon icon_fontawesome=&#8221;fa fa-cog&#8221; align=&#8221;center&#8221;][vc_empty_space height=&#8221;64px&#8221;][\/vc_column][\/vc_row]<\/p>\n<\/div>","protected":false},"excerpt":{"rendered":"<p>Nelle aree dedicate dei terminali marittimi Sarlux e del porto di Cagliari \u00e8 attivo il primo hub di bunkeraggio sostenibile del Mediterraneo.<\/p>\n","protected":false},"author":2,"featured_media":546453,"parent":0,"menu_order":7,"comment_status":"closed","ping_status":"closed","template":"","meta":{"_acf_changed":false,"inline_featured_image":false,"footnotes":""},"class_list":["post-530874","page","type-page","status-publish","has-post-thumbnail","hentry"],"acf":[],"yoast_head":"<!-- This site is optimized with the Yoast SEO plugin v27.3 - https:\/\/yoast.com\/product\/yoast-seo-wordpress\/ -->\n<title>Servizi di bunkeraggio - Sarlux Saras | Refining &amp; Power<\/title>\n<meta name=\"description\" content=\"Nelle aree dedicate dei terminali marittimi Sarlux \u00e8 attivo il primo hub di bunkeraggio sostenibile del Mediterraneo.\" \/>\n<meta name=\"robots\" content=\"index, follow, max-snippet:-1, max-image-preview:large, max-video-preview:-1\" \/>\n<link rel=\"canonical\" href=\"https:\/\/www.sarlux.saras.it\/it\/cosa-facciamo-servizi-bunkeraggio\/\" \/>\n<meta property=\"og:locale\" content=\"it_IT\" \/>\n<meta property=\"og:type\" content=\"article\" \/>\n<meta property=\"og:title\" content=\"Servizi di bunkeraggio - Sarlux Saras | Refining &amp; Power\" \/>\n<meta property=\"og:description\" content=\"Nelle aree dedicate dei terminali marittimi Sarlux \u00e8 attivo il primo hub di bunkeraggio sostenibile del Mediterraneo.\" \/>\n<meta property=\"og:url\" content=\"https:\/\/www.sarlux.saras.it\/it\/cosa-facciamo-servizi-bunkeraggio\/\" \/>\n<meta property=\"og:site_name\" content=\"Sarlux Saras | Refining &amp; Power\" \/>\n<meta property=\"article:modified_time\" content=\"2025-07-16T10:11:18+00:00\" \/>\n<meta property=\"og:image\" content=\"https:\/\/www.sarlux.saras.it\/wp-content\/uploads\/2019\/03\/03-terminali-marittimi-Saras-Sarlux-075-DRONE001.jpg\" \/>\n\t<meta property=\"og:image:width\" content=\"800\" \/>\n\t<meta property=\"og:image:height\" content=\"400\" \/>\n\t<meta property=\"og:image:type\" content=\"image\/jpeg\" \/>\n<meta name=\"twitter:card\" content=\"summary_large_image\" \/>\n<meta name=\"twitter:image\" content=\"https:\/\/www.sarlux.saras.it\/wp-content\/uploads\/2019\/03\/03-terminali-marittimi-Saras-Sarlux-075-DRONE001.jpg\" \/>\n<meta name=\"twitter:label1\" content=\"Tempo di lettura stimato\" \/>\n\t<meta name=\"twitter:data1\" content=\"3 minuti\" \/>\n<script type=\"application\/ld+json\" class=\"yoast-schema-graph\">{\"@context\":\"https:\\\/\\\/schema.org\",\"@graph\":[{\"@type\":\"WebPage\",\"@id\":\"https:\\\/\\\/www.sarlux.saras.it\\\/it\\\/cosa-facciamo-servizi-bunkeraggio\\\/\",\"url\":\"https:\\\/\\\/www.sarlux.saras.it\\\/it\\\/cosa-facciamo-servizi-bunkeraggio\\\/\",\"name\":\"Servizi di bunkeraggio - Sarlux Saras | Refining & Power\",\"isPartOf\":{\"@id\":\"https:\\\/\\\/www.sarlux.saras.it\\\/it\\\/#website\"},\"primaryImageOfPage\":{\"@id\":\"https:\\\/\\\/www.sarlux.saras.it\\\/it\\\/cosa-facciamo-servizi-bunkeraggio\\\/#primaryimage\"},\"image\":{\"@id\":\"https:\\\/\\\/www.sarlux.saras.it\\\/it\\\/cosa-facciamo-servizi-bunkeraggio\\\/#primaryimage\"},\"thumbnailUrl\":\"https:\\\/\\\/www.sarlux.saras.it\\\/wp-content\\\/uploads\\\/2024\\\/10\\\/sarlux-terminali-marittimi-correlata-004.jpg\",\"datePublished\":\"2019-03-30T17:34:13+00:00\",\"dateModified\":\"2025-07-16T10:11:18+00:00\",\"description\":\"Nelle aree dedicate dei terminali marittimi Sarlux \u00e8 attivo il primo hub di bunkeraggio sostenibile del Mediterraneo.\",\"breadcrumb\":{\"@id\":\"https:\\\/\\\/www.sarlux.saras.it\\\/it\\\/cosa-facciamo-servizi-bunkeraggio\\\/#breadcrumb\"},\"inLanguage\":\"it-IT\",\"potentialAction\":[{\"@type\":\"ReadAction\",\"target\":[\"https:\\\/\\\/www.sarlux.saras.it\\\/it\\\/cosa-facciamo-servizi-bunkeraggio\\\/\"]}]},{\"@type\":\"ImageObject\",\"inLanguage\":\"it-IT\",\"@id\":\"https:\\\/\\\/www.sarlux.saras.it\\\/it\\\/cosa-facciamo-servizi-bunkeraggio\\\/#primaryimage\",\"url\":\"https:\\\/\\\/www.sarlux.saras.it\\\/wp-content\\\/uploads\\\/2024\\\/10\\\/sarlux-terminali-marittimi-correlata-004.jpg\",\"contentUrl\":\"https:\\\/\\\/www.sarlux.saras.it\\\/wp-content\\\/uploads\\\/2024\\\/10\\\/sarlux-terminali-marittimi-correlata-004.jpg\",\"width\":800,\"height\":400,\"caption\":\"Sarroch (Cagliari), 16-07-2018. Sarlux- Gruppo Saras. Una petroliera vicino la raffineria.\"},{\"@type\":\"BreadcrumbList\",\"@id\":\"https:\\\/\\\/www.sarlux.saras.it\\\/it\\\/cosa-facciamo-servizi-bunkeraggio\\\/#breadcrumb\",\"itemListElement\":[{\"@type\":\"ListItem\",\"position\":1,\"name\":\"Home\",\"item\":\"https:\\\/\\\/www.sarlux.saras.it\\\/it\\\/\"},{\"@type\":\"ListItem\",\"position\":2,\"name\":\"Servizi di bunkeraggio\"}]},{\"@type\":\"WebSite\",\"@id\":\"https:\\\/\\\/www.sarlux.saras.it\\\/it\\\/#website\",\"url\":\"https:\\\/\\\/www.sarlux.saras.it\\\/it\\\/\",\"name\":\"Sarlux\",\"description\":\"\",\"publisher\":{\"@id\":\"https:\\\/\\\/www.sarlux.saras.it\\\/it\\\/#organization\"},\"potentialAction\":[{\"@type\":\"SearchAction\",\"target\":{\"@type\":\"EntryPoint\",\"urlTemplate\":\"https:\\\/\\\/www.sarlux.saras.it\\\/it\\\/?s={search_term_string}\"},\"query-input\":{\"@type\":\"PropertyValueSpecification\",\"valueRequired\":true,\"valueName\":\"search_term_string\"}}],\"inLanguage\":\"it-IT\"},{\"@type\":\"Organization\",\"@id\":\"https:\\\/\\\/www.sarlux.saras.it\\\/it\\\/#organization\",\"name\":\"Sarlux\",\"url\":\"https:\\\/\\\/www.sarlux.saras.it\\\/it\\\/\",\"logo\":{\"@type\":\"ImageObject\",\"inLanguage\":\"it-IT\",\"@id\":\"https:\\\/\\\/www.sarlux.saras.it\\\/it\\\/#\\\/schema\\\/logo\\\/image\\\/\",\"url\":\"https:\\\/\\\/www.sarlux.saras.it\\\/wp-content\\\/uploads\\\/2017\\\/12\\\/logo-pc-1.png\",\"contentUrl\":\"https:\\\/\\\/www.sarlux.saras.it\\\/wp-content\\\/uploads\\\/2017\\\/12\\\/logo-pc-1.png\",\"width\":184,\"height\":86,\"caption\":\"Sarlux\"},\"image\":{\"@id\":\"https:\\\/\\\/www.sarlux.saras.it\\\/it\\\/#\\\/schema\\\/logo\\\/image\\\/\"}}]}<\/script>\n<!-- \/ Yoast SEO plugin. -->","yoast_head_json":{"title":"Servizi di bunkeraggio - Sarlux Saras | Refining & Power","description":"Nelle aree dedicate dei terminali marittimi Sarlux \u00e8 attivo il primo hub di bunkeraggio sostenibile del Mediterraneo.","robots":{"index":"index","follow":"follow","max-snippet":"max-snippet:-1","max-image-preview":"max-image-preview:large","max-video-preview":"max-video-preview:-1"},"canonical":"https:\/\/www.sarlux.saras.it\/it\/cosa-facciamo-servizi-bunkeraggio\/","og_locale":"it_IT","og_type":"article","og_title":"Servizi di bunkeraggio - Sarlux Saras | Refining & Power","og_description":"Nelle aree dedicate dei terminali marittimi Sarlux \u00e8 attivo il primo hub di bunkeraggio sostenibile del Mediterraneo.","og_url":"https:\/\/www.sarlux.saras.it\/it\/cosa-facciamo-servizi-bunkeraggio\/","og_site_name":"Sarlux Saras | Refining & Power","article_modified_time":"2025-07-16T10:11:18+00:00","og_image":[{"width":800,"height":400,"url":"https:\/\/www.sarlux.saras.it\/wp-content\/uploads\/2019\/03\/03-terminali-marittimi-Saras-Sarlux-075-DRONE001.jpg","type":"image\/jpeg"}],"twitter_card":"summary_large_image","twitter_image":"https:\/\/www.sarlux.saras.it\/wp-content\/uploads\/2019\/03\/03-terminali-marittimi-Saras-Sarlux-075-DRONE001.jpg","twitter_misc":{"Tempo di lettura stimato":"3 minuti"},"schema":{"@context":"https:\/\/schema.org","@graph":[{"@type":"WebPage","@id":"https:\/\/www.sarlux.saras.it\/it\/cosa-facciamo-servizi-bunkeraggio\/","url":"https:\/\/www.sarlux.saras.it\/it\/cosa-facciamo-servizi-bunkeraggio\/","name":"Servizi di bunkeraggio - Sarlux Saras | Refining & Power","isPartOf":{"@id":"https:\/\/www.sarlux.saras.it\/it\/#website"},"primaryImageOfPage":{"@id":"https:\/\/www.sarlux.saras.it\/it\/cosa-facciamo-servizi-bunkeraggio\/#primaryimage"},"image":{"@id":"https:\/\/www.sarlux.saras.it\/it\/cosa-facciamo-servizi-bunkeraggio\/#primaryimage"},"thumbnailUrl":"https:\/\/www.sarlux.saras.it\/wp-content\/uploads\/2024\/10\/sarlux-terminali-marittimi-correlata-004.jpg","datePublished":"2019-03-30T17:34:13+00:00","dateModified":"2025-07-16T10:11:18+00:00","description":"Nelle aree dedicate dei terminali marittimi Sarlux \u00e8 attivo il primo hub di bunkeraggio sostenibile del Mediterraneo.","breadcrumb":{"@id":"https:\/\/www.sarlux.saras.it\/it\/cosa-facciamo-servizi-bunkeraggio\/#breadcrumb"},"inLanguage":"it-IT","potentialAction":[{"@type":"ReadAction","target":["https:\/\/www.sarlux.saras.it\/it\/cosa-facciamo-servizi-bunkeraggio\/"]}]},{"@type":"ImageObject","inLanguage":"it-IT","@id":"https:\/\/www.sarlux.saras.it\/it\/cosa-facciamo-servizi-bunkeraggio\/#primaryimage","url":"https:\/\/www.sarlux.saras.it\/wp-content\/uploads\/2024\/10\/sarlux-terminali-marittimi-correlata-004.jpg","contentUrl":"https:\/\/www.sarlux.saras.it\/wp-content\/uploads\/2024\/10\/sarlux-terminali-marittimi-correlata-004.jpg","width":800,"height":400,"caption":"Sarroch (Cagliari), 16-07-2018. Sarlux- Gruppo Saras. Una petroliera vicino la raffineria."},{"@type":"BreadcrumbList","@id":"https:\/\/www.sarlux.saras.it\/it\/cosa-facciamo-servizi-bunkeraggio\/#breadcrumb","itemListElement":[{"@type":"ListItem","position":1,"name":"Home","item":"https:\/\/www.sarlux.saras.it\/it\/"},{"@type":"ListItem","position":2,"name":"Servizi di bunkeraggio"}]},{"@type":"WebSite","@id":"https:\/\/www.sarlux.saras.it\/it\/#website","url":"https:\/\/www.sarlux.saras.it\/it\/","name":"Sarlux","description":"","publisher":{"@id":"https:\/\/www.sarlux.saras.it\/it\/#organization"},"potentialAction":[{"@type":"SearchAction","target":{"@type":"EntryPoint","urlTemplate":"https:\/\/www.sarlux.saras.it\/it\/?s={search_term_string}"},"query-input":{"@type":"PropertyValueSpecification","valueRequired":true,"valueName":"search_term_string"}}],"inLanguage":"it-IT"},{"@type":"Organization","@id":"https:\/\/www.sarlux.saras.it\/it\/#organization","name":"Sarlux","url":"https:\/\/www.sarlux.saras.it\/it\/","logo":{"@type":"ImageObject","inLanguage":"it-IT","@id":"https:\/\/www.sarlux.saras.it\/it\/#\/schema\/logo\/image\/","url":"https:\/\/www.sarlux.saras.it\/wp-content\/uploads\/2017\/12\/logo-pc-1.png","contentUrl":"https:\/\/www.sarlux.saras.it\/wp-content\/uploads\/2017\/12\/logo-pc-1.png","width":184,"height":86,"caption":"Sarlux"},"image":{"@id":"https:\/\/www.sarlux.saras.it\/it\/#\/schema\/logo\/image\/"}}]}},"_links":{"self":[{"href":"https:\/\/www.sarlux.saras.it\/it\/wp-json\/wp\/v2\/pages\/530874","targetHints":{"allow":["GET"]}}],"collection":[{"href":"https:\/\/www.sarlux.saras.it\/it\/wp-json\/wp\/v2\/pages"}],"about":[{"href":"https:\/\/www.sarlux.saras.it\/it\/wp-json\/wp\/v2\/types\/page"}],"author":[{"embeddable":true,"href":"https:\/\/www.sarlux.saras.it\/it\/wp-json\/wp\/v2\/users\/2"}],"replies":[{"embeddable":true,"href":"https:\/\/www.sarlux.saras.it\/it\/wp-json\/wp\/v2\/comments?post=530874"}],"version-history":[{"count":143,"href":"https:\/\/www.sarlux.saras.it\/it\/wp-json\/wp\/v2\/pages\/530874\/revisions"}],"predecessor-version":[{"id":547087,"href":"https:\/\/www.sarlux.saras.it\/it\/wp-json\/wp\/v2\/pages\/530874\/revisions\/547087"}],"wp:featuredmedia":[{"embeddable":true,"href":"https:\/\/www.sarlux.saras.it\/it\/wp-json\/wp\/v2\/media\/546453"}],"wp:attachment":[{"href":"https:\/\/www.sarlux.saras.it\/it\/wp-json\/wp\/v2\/media?parent=530874"}],"curies":[{"name":"wp","href":"https:\/\/api.w.org\/{rel}","templated":true}]}}