{"id":541743,"date":"2020-02-04T13:52:54","date_gmt":"2020-02-04T13:52:54","guid":{"rendered":"https:\/\/www.sarlux.saras.it\/?page_id=541743"},"modified":"2023-07-12T09:54:12","modified_gmt":"2023-07-12T09:54:12","slug":"liberatoria","status":"publish","type":"page","link":"https:\/\/www.sarlux.saras.it\/it\/liberatoria\/","title":{"rendered":"Liberatoria"},"content":{"rendered":"<div class=\"wpb-content-wrapper\"><p>[vc_row][vc_column][vc_empty_space height=&#8221;16px&#8221;][vc_empty_space height=&#8221;16px&#8221;][vc_column_text]<\/p>\n<h1>Liberatoria<\/h1>\n<p>&nbsp;<\/p>\n<p>L&#8217;accesso al presente sito Internet presuppone e comporta l&#8217;accettazione delle indicazioni che seguono.<br \/>\nL&#8217;utente riconosce che i contenuti, la grafica e tutto ci\u00f2 che compare in questo sito internet sono di <strong>esclusiva propriet\u00e0 della Sarlux Srl<\/strong>, con sede legale in Sarroch (CA), SS 195 Km 19, Registro imprese di Cagliari e Codice fiscale n. 02093140925,\u00a0Societ\u00e0 appartenente al Gruppo IVA \u201cSaras Gruppo IVA\u201d n. IT 03868280920, Capitale sociale: euro 100.000.000 interamente versati.<\/p>\n<p>La duplicazione, la riproduzione anche parziale, la traduzione, il salvataggio, l&#8217;adattamento, la pubblicazione o diffusione con qualunque mezzo e pi\u00f9 in generale qualunque atto di disposizione o utilizzo di informazioni o di materiale proveniente da questo sito, in tutte le forme, attraverso media e tecnologie esistenti o sviluppate in futuro, sono vietati, salvo espressa indicazione contraria.<\/p>\n<p>Le informazioni contenute nel sito, nonostante l&#8217;attenzione poste nella realizzazione, aggiornamento ed integrazione, possono contenere inaccuratezze o essere viziate da errori tipografici. Inoltre non viene fornita alcuna assicurazione o garanzia circa la loro completezza, esaustivit\u00e0 e rispondenza all&#8217;attuale organizzazione, struttura aziendale o tipologia, caratteristiche, commerciabilit\u00e0 od idoneit\u00e0 allo scopo dei prodotti, dei servizi e della attivit\u00e0 del Gruppo Saras, che \u00e8 disponibile a fornire tutte le indicazioni del caso agli interessati.<\/p>\n<p>Le informazioni possono essere modificate od aggiornate in qualsiasi momento senza preavviso.<\/p>\n<p><strong>Sarlux Srl non assume alcuna responsabilit\u00e0 per materiali creati o pubblicati da terzi con i quali il sito abbia un link di collegamento.<\/strong> Chi decide di visitare un sito collegato al sito sarlux.saras.it lo fa a suo rischio, assumendosi l&#8217;onere di prendere tutte le misure necessarie contro virus od altri elementi distruttivi. Il collegamento con altri siti non implica che Sarlux Srl sponsorizzi o sia affiliata con le entit\u00e0 che effettuano i servizi descritti in quei siti.<\/p>\n<p>L&#8217;accesso e l&#8217;utilizzo del sito sarlux.saras.it presuppone e comporta che l&#8217;utente abbia verificato che ci\u00f2 non causi, anche indirettamente, malfunzionamenti alle infrastrutture informatiche utilizzate per la presenza di virus informatici o di altre cause non imputabili a Sarlux Srl, la quale non risponder\u00e0 in alcun caso dei danni da ci\u00f2 eventualmente derivanti all&#8217;utente, ivi compresi danneggiamento del sistema informativo, perdita di dati, di programmi o di altre conseguenze negative quali perdite di profitto, di fatturato o indebita divulgazione di dati ed informazioni non autorizzate.<\/p>\n<p>Queste condizioni sono regolate dalla legge italiana. Il Foro di Cagliari, Italia, avr\u00e0 giurisdizione e competenza esclusiva per eventuali controversie comunque connesse a queste condizioni. Ci\u00f2 nonostante Sarlux Srl si riserva, qualora lo ritenga necessario, di poter agire in giudizio di fronte a Tribunali di Paesi o citt\u00e0 diversi dall&#8217;Italia o da Cagliari, per proteggere i propri interessi e far rispettare i propri diritti.[\/vc_column_text][vc_empty_space][vc_empty_space][\/vc_column][\/vc_row]<\/p>\n<\/div>","protected":false},"excerpt":{"rendered":"<p>[vc_row][vc_column][vc_empty_space height=&#8221;16px&#8221;][vc_empty_space height=&#8221;16px&#8221;][vc_column_text] Liberatoria &nbsp; L&#8217;accesso al presente sito Internet presuppone e comporta l&#8217;accettazione delle indicazioni che seguono. L&#8217;utente riconosce che i contenuti, la grafica e<span class=\"excerpt-hellip\"> [\u2026]<\/span><\/p>\n","protected":false},"author":2,"featured_media":0,"parent":0,"menu_order":6,"comment_status":"closed","ping_status":"closed","template":"","meta":{"_acf_changed":false,"inline_featured_image":false,"footnotes":""},"class_list":["post-541743","page","type-page","status-publish","hentry"],"acf":[],"yoast_head":"<!-- This site is optimized with the Yoast SEO plugin v27.3 - https:\/\/yoast.com\/product\/yoast-seo-wordpress\/ -->\n<title>Liberatoria - Sarlux Saras | Refining &amp; Power<\/title>\n<meta name=\"robots\" content=\"index, follow, max-snippet:-1, max-image-preview:large, max-video-preview:-1\" \/>\n<link rel=\"canonical\" href=\"https:\/\/www.sarlux.saras.it\/it\/liberatoria\/\" \/>\n<meta property=\"og:locale\" content=\"it_IT\" \/>\n<meta property=\"og:type\" content=\"article\" \/>\n<meta property=\"og:title\" content=\"Liberatoria - Sarlux Saras | Refining &amp; Power\" \/>\n<meta property=\"og:description\" content=\"[vc_row][vc_column][vc_empty_space height=&#8221;16px&#8221;][vc_empty_space height=&#8221;16px&#8221;][vc_column_text] Liberatoria &nbsp; L&#8217;accesso al presente sito Internet presuppone e comporta l&#8217;accettazione delle indicazioni che seguono. L&#8217;utente riconosce che i contenuti, la grafica e [\u2026]\" \/>\n<meta property=\"og:url\" content=\"https:\/\/www.sarlux.saras.it\/it\/liberatoria\/\" \/>\n<meta property=\"og:site_name\" content=\"Sarlux Saras | Refining &amp; Power\" \/>\n<meta property=\"article:modified_time\" content=\"2023-07-12T09:54:12+00:00\" \/>\n<meta name=\"twitter:card\" content=\"summary_large_image\" \/>\n<meta name=\"twitter:label1\" content=\"Tempo di lettura stimato\" \/>\n\t<meta name=\"twitter:data1\" content=\"3 minuti\" \/>\n<script type=\"application\/ld+json\" class=\"yoast-schema-graph\">{\"@context\":\"https:\\\/\\\/schema.org\",\"@graph\":[{\"@type\":\"WebPage\",\"@id\":\"https:\\\/\\\/www.sarlux.saras.it\\\/it\\\/liberatoria\\\/\",\"url\":\"https:\\\/\\\/www.sarlux.saras.it\\\/it\\\/liberatoria\\\/\",\"name\":\"Liberatoria - Sarlux Saras | Refining & Power\",\"isPartOf\":{\"@id\":\"https:\\\/\\\/www.sarlux.saras.it\\\/it\\\/#website\"},\"datePublished\":\"2020-02-04T13:52:54+00:00\",\"dateModified\":\"2023-07-12T09:54:12+00:00\",\"breadcrumb\":{\"@id\":\"https:\\\/\\\/www.sarlux.saras.it\\\/it\\\/liberatoria\\\/#breadcrumb\"},\"inLanguage\":\"it-IT\",\"potentialAction\":[{\"@type\":\"ReadAction\",\"target\":[\"https:\\\/\\\/www.sarlux.saras.it\\\/it\\\/liberatoria\\\/\"]}]},{\"@type\":\"BreadcrumbList\",\"@id\":\"https:\\\/\\\/www.sarlux.saras.it\\\/it\\\/liberatoria\\\/#breadcrumb\",\"itemListElement\":[{\"@type\":\"ListItem\",\"position\":1,\"name\":\"Home\",\"item\":\"https:\\\/\\\/www.sarlux.saras.it\\\/it\\\/\"},{\"@type\":\"ListItem\",\"position\":2,\"name\":\"Liberatoria\"}]},{\"@type\":\"WebSite\",\"@id\":\"https:\\\/\\\/www.sarlux.saras.it\\\/it\\\/#website\",\"url\":\"https:\\\/\\\/www.sarlux.saras.it\\\/it\\\/\",\"name\":\"Sarlux\",\"description\":\"\",\"publisher\":{\"@id\":\"https:\\\/\\\/www.sarlux.saras.it\\\/it\\\/#organization\"},\"potentialAction\":[{\"@type\":\"SearchAction\",\"target\":{\"@type\":\"EntryPoint\",\"urlTemplate\":\"https:\\\/\\\/www.sarlux.saras.it\\\/it\\\/?s={search_term_string}\"},\"query-input\":{\"@type\":\"PropertyValueSpecification\",\"valueRequired\":true,\"valueName\":\"search_term_string\"}}],\"inLanguage\":\"it-IT\"},{\"@type\":\"Organization\",\"@id\":\"https:\\\/\\\/www.sarlux.saras.it\\\/it\\\/#organization\",\"name\":\"Sarlux\",\"url\":\"https:\\\/\\\/www.sarlux.saras.it\\\/it\\\/\",\"logo\":{\"@type\":\"ImageObject\",\"inLanguage\":\"it-IT\",\"@id\":\"https:\\\/\\\/www.sarlux.saras.it\\\/it\\\/#\\\/schema\\\/logo\\\/image\\\/\",\"url\":\"https:\\\/\\\/www.sarlux.saras.it\\\/wp-content\\\/uploads\\\/2017\\\/12\\\/logo-pc-1.png\",\"contentUrl\":\"https:\\\/\\\/www.sarlux.saras.it\\\/wp-content\\\/uploads\\\/2017\\\/12\\\/logo-pc-1.png\",\"width\":184,\"height\":86,\"caption\":\"Sarlux\"},\"image\":{\"@id\":\"https:\\\/\\\/www.sarlux.saras.it\\\/it\\\/#\\\/schema\\\/logo\\\/image\\\/\"}}]}<\/script>\n<!-- \/ Yoast SEO plugin. -->","yoast_head_json":{"title":"Liberatoria - Sarlux Saras | Refining & Power","robots":{"index":"index","follow":"follow","max-snippet":"max-snippet:-1","max-image-preview":"max-image-preview:large","max-video-preview":"max-video-preview:-1"},"canonical":"https:\/\/www.sarlux.saras.it\/it\/liberatoria\/","og_locale":"it_IT","og_type":"article","og_title":"Liberatoria - Sarlux Saras | Refining & Power","og_description":"[vc_row][vc_column][vc_empty_space height=&#8221;16px&#8221;][vc_empty_space height=&#8221;16px&#8221;][vc_column_text] Liberatoria &nbsp; L&#8217;accesso al presente sito Internet presuppone e comporta l&#8217;accettazione delle indicazioni che seguono. L&#8217;utente riconosce che i contenuti, la grafica e [\u2026]","og_url":"https:\/\/www.sarlux.saras.it\/it\/liberatoria\/","og_site_name":"Sarlux Saras | Refining & Power","article_modified_time":"2023-07-12T09:54:12+00:00","twitter_card":"summary_large_image","twitter_misc":{"Tempo di lettura stimato":"3 minuti"},"schema":{"@context":"https:\/\/schema.org","@graph":[{"@type":"WebPage","@id":"https:\/\/www.sarlux.saras.it\/it\/liberatoria\/","url":"https:\/\/www.sarlux.saras.it\/it\/liberatoria\/","name":"Liberatoria - Sarlux Saras | Refining & Power","isPartOf":{"@id":"https:\/\/www.sarlux.saras.it\/it\/#website"},"datePublished":"2020-02-04T13:52:54+00:00","dateModified":"2023-07-12T09:54:12+00:00","breadcrumb":{"@id":"https:\/\/www.sarlux.saras.it\/it\/liberatoria\/#breadcrumb"},"inLanguage":"it-IT","potentialAction":[{"@type":"ReadAction","target":["https:\/\/www.sarlux.saras.it\/it\/liberatoria\/"]}]},{"@type":"BreadcrumbList","@id":"https:\/\/www.sarlux.saras.it\/it\/liberatoria\/#breadcrumb","itemListElement":[{"@type":"ListItem","position":1,"name":"Home","item":"https:\/\/www.sarlux.saras.it\/it\/"},{"@type":"ListItem","position":2,"name":"Liberatoria"}]},{"@type":"WebSite","@id":"https:\/\/www.sarlux.saras.it\/it\/#website","url":"https:\/\/www.sarlux.saras.it\/it\/","name":"Sarlux","description":"","publisher":{"@id":"https:\/\/www.sarlux.saras.it\/it\/#organization"},"potentialAction":[{"@type":"SearchAction","target":{"@type":"EntryPoint","urlTemplate":"https:\/\/www.sarlux.saras.it\/it\/?s={search_term_string}"},"query-input":{"@type":"PropertyValueSpecification","valueRequired":true,"valueName":"search_term_string"}}],"inLanguage":"it-IT"},{"@type":"Organization","@id":"https:\/\/www.sarlux.saras.it\/it\/#organization","name":"Sarlux","url":"https:\/\/www.sarlux.saras.it\/it\/","logo":{"@type":"ImageObject","inLanguage":"it-IT","@id":"https:\/\/www.sarlux.saras.it\/it\/#\/schema\/logo\/image\/","url":"https:\/\/www.sarlux.saras.it\/wp-content\/uploads\/2017\/12\/logo-pc-1.png","contentUrl":"https:\/\/www.sarlux.saras.it\/wp-content\/uploads\/2017\/12\/logo-pc-1.png","width":184,"height":86,"caption":"Sarlux"},"image":{"@id":"https:\/\/www.sarlux.saras.it\/it\/#\/schema\/logo\/image\/"}}]}},"_links":{"self":[{"href":"https:\/\/www.sarlux.saras.it\/it\/wp-json\/wp\/v2\/pages\/541743","targetHints":{"allow":["GET"]}}],"collection":[{"href":"https:\/\/www.sarlux.saras.it\/it\/wp-json\/wp\/v2\/pages"}],"about":[{"href":"https:\/\/www.sarlux.saras.it\/it\/wp-json\/wp\/v2\/types\/page"}],"author":[{"embeddable":true,"href":"https:\/\/www.sarlux.saras.it\/it\/wp-json\/wp\/v2\/users\/2"}],"replies":[{"embeddable":true,"href":"https:\/\/www.sarlux.saras.it\/it\/wp-json\/wp\/v2\/comments?post=541743"}],"version-history":[{"count":4,"href":"https:\/\/www.sarlux.saras.it\/it\/wp-json\/wp\/v2\/pages\/541743\/revisions"}],"predecessor-version":[{"id":545383,"href":"https:\/\/www.sarlux.saras.it\/it\/wp-json\/wp\/v2\/pages\/541743\/revisions\/545383"}],"wp:attachment":[{"href":"https:\/\/www.sarlux.saras.it\/it\/wp-json\/wp\/v2\/media?parent=541743"}],"curies":[{"name":"wp","href":"https:\/\/api.w.org\/{rel}","templated":true}]}}