{"id":543906,"date":"2022-02-07T17:43:21","date_gmt":"2022-02-07T17:43:21","guid":{"rendered":"https:\/\/www.sarlux.saras.it\/?page_id=543906"},"modified":"2023-07-25T10:35:13","modified_gmt":"2023-07-25T10:35:13","slug":"privacy-policy","status":"publish","type":"page","link":"https:\/\/www.sarlux.saras.it\/it\/privacy-policy\/","title":{"rendered":"Privacy policy"},"content":{"rendered":"<div class=\"wpb-content-wrapper\"><p>[vc_row][vc_column][vc_empty_space height=&#8221;16px&#8221;][vc_column_text]<\/p>\n<h1>Privacy policy<\/h1>\n<p>&nbsp;<\/p>\n<p>Ai sensi degli artt. 13 e 14 del Regolamento (UE) 2016\/679 (\u201cil Regolamento\u201d), desideriamo informare gli utenti in merito alle modalit\u00e0 e alle finalit\u00e0 del trattamento dei dati personali di coloro che interagiscono con i nostri siti web. La presente Web Privacy Policy \u00e8 resa esclusivamente per https:\/\/www.sarlux.saras.it (di seguito \u201csito\u201d), e non anche per altri siti web eventualmente consultati dall\u2019utente. Questa Policy tiene conto di tutta la normativa di settore, con particolare riferimento a:<\/p>\n<ul>\n<li>Raccomandazione n. 2\/2001 del Gruppo Art. 29, relativa ai requisiti minimi per la raccolta dei dati online nell\u2019UE;<\/li>\n<li>Direttiva 2009\/136\/CE, modificativa della Direttiva 2002\/58\/CE (c.d. Direttiva e-Privacy), relativa al trattamento dei dati personali e alla tutela della vita privata nel settore delle comunicazioni elettroniche;<\/li>\n<li>Provvedimento Generale dell\u2019Autorit\u00e0 Garante per la protezione dei dati personali \u201cIndividuazione delle modalit\u00e0 semplificate per l\u2019informativa e l\u2019acquisizione del consenso per l\u2019uso dei cookie\u201d dell\u20198 maggio 2014;<\/li>\n<li>\u201cLinee guida cookie e altri strumenti di tracciamento\u201d del Garante per la protezione dei dati personali del 10 giugno 2021.<\/li>\n<\/ul>\n<h5><\/h5>\n<p>&nbsp;<\/p>\n<h5><strong>Titolare del trattamento dei dati<\/strong><\/h5>\n<p>Il titolare del trattamento \u00e8 Sarlux S.r.l., con sede legale in 09018 \u2013 Sarroch (CA), S.S. 195 Sulcitana km. 19.<br \/>\nPer contattare l\u2019Ufficio Privacy \u00e8 possibile scrivere al seguente indirizzo: privacy@saras.it.<\/p>\n<h5><\/h5>\n<h5><\/h5>\n<p>&nbsp;<\/p>\n<h5><strong>Tipologie di dati trattati<\/strong><\/h5>\n<p>La consultazione di questo sito da parte degli utenti avviene senza previa identificazione dell\u2019utente.<\/p>\n<p><strong>1) Dati di tracciamento e statistici<\/strong><\/p>\n<p>Le applicazioni preposte al funzionamento di questo sito fanno uso di cookie, o di altri strumenti di tracciamento, che ove non diversamente precisato, hanno la generale finalit\u00e0 di fornire il servizio richiesto dall\u2019utente o di personalizzarlo, e sono dettagliati nella <a href=\"https:\/\/www.sarlux.saras.it\/it\/cookie-policy\/\">Cookie policy<\/a>.<\/p>\n<p><strong>2) Dati di navigazione<\/strong><\/p>\n<p>I sistemi informatici preposti al funzionamento del sito web acquisiscono, nel corso del loro normale esercizio e per la sola durata della connessione, alcuni dati personali la cui trasmissione \u00e8 implicita nell\u2019uso dei protocolli di comunicazione di Internet. Si tratta di informazioni che non sono raccolte per essere associate a soggetti identificati, ma che per loro stessa natura potrebbero, attraverso elaborazioni e associazioni con dati detenuti da terzi o da questo titolare, permettere di identificare gli utenti. In questa categoria di dati rientrano:<\/p>\n<ul>\n<li>gli indirizzi IP o i nomi a dominio dei computer degli utenti che visitano il sito web;<\/li>\n<li>gli indirizzi in notazione URI (Uniform Resource Identifier) delle pagine visitate;<\/li>\n<li>l\u2019orario della richiesta;<\/li>\n<li>il metodo utilizzato nel sottoporre la richiesta al server;<\/li>\n<li>la dimensione del file ottenuto in risposta;<\/li>\n<li>il codice numerico indicante lo stato della risposta data dal server (buon fine, errore, ecc.);<\/li>\n<li>le caratteristiche del browser utilizzato per la navigazione;<\/li>\n<li>la dimensione della finestra nella quale viene eseguito il browser nel dispositivo utilizzato;<\/li>\n<li>altri parametri relativi al sistema operativo e all\u2019ambiente informatico dell\u2019utente.<\/li>\n<\/ul>\n<p>Tali dati vengono trattati anche allo scopo di ottenere informazioni statistiche sull\u2019uso dei servizi (pagine pi\u00f9 visitate, numero di visitatori per fascia oraria o giornaliera, aree geografiche di provenienza, ecc.) e di controllare il corretto funzionamento dei servizi offerti. Tutti questi dati vengono sempre elaborati in forma anonima e aggregata: non sono trattati mai dati che possano consentire di determinare l\u2019identit\u00e0 personale degli utenti. I dati di navigazione persistono per un tempo non superiore a quello necessario agli scopi per i quali essi sono raccolti e successivamente trattati, e in ogni caso, per un tempo non superiore a 12 mesi (salve eventuali necessit\u00e0 di accertamento di reati da parte dell\u2019autorit\u00e0 giudiziaria).<\/p>\n<p><strong>3) Dati comunicati dall\u2019utente<\/strong><\/p>\n<p>L\u2019invio facoltativo, esplicito e volontario di messaggi agli indirizzi di contatto presenti nel sito, i messaggi privati inviati dagli utenti ai profili\/pagine istituzionali sui social media (laddove questa possibilit\u00e0 sia prevista), comportano l\u2019acquisizione dei dati di contatto del mittente, necessari a rispondere, nonch\u00e9 di tutti i dati personali inclusi nelle comunicazioni.<\/p>\n<p>I dati personali cos\u00ec forniti sono trattati dal Titolare del trattamento esclusivamente per il tempo necessario al perseguimento delle finalit\u00e0 per le quali tali dati sono stati acquisiti; una volta conseguite dette finalit\u00e0, i dati personali sono cancellati o resi irreversibilmente anonimi.<\/p>\n<h5><\/h5>\n<p>&nbsp;<\/p>\n<h5><strong>Finalit\u00e0 del trattamento<\/strong><\/h5>\n<p>Lo scopo del trattamento dei dati personali dell\u2019utente \u00e8 offrire una migliore navigazione mediante strumenti di personalizzazione e, nello specifico, i dati personali forniti dagli utenti sono utilizzati:<\/p>\n<ol>\n<li>per garantire la sicurezza e per prevenire eventi imprevisti o atti illeciti o dolosi che compromettano la disponibilit\u00e0, l\u2019autenticit\u00e0, l\u2019integrit\u00e0 e la riservatezza dei dati personali conservati o trasmessi, nonch\u00e9 per l\u2019accertamento di responsabilit\u00e0 in caso di eventuali reati informatici ai danni del sito.<\/li>\n<li>per adempiere a obblighi previsti dalla legge, da un\u2019autorit\u00e0, da un regolamento o dalla normativa europea.<\/li>\n<\/ol>\n<p>In ogni caso, al momento della raccolta dei dati personali dell\u2019utente, il titolare fornisce apposite informative ove sono meglio descritte le finalit\u00e0 perseguite e, se richiesto, verr\u00e0 acquisito il vostro specifico consenso.<\/p>\n<h5><\/h5>\n<p>&nbsp;<\/p>\n<h5><strong>Cookie<\/strong><\/h5>\n<p>I cookie sono stringhe di testo di piccole dimensioni che il sito web invia e memorizza nel dispositivo dell\u2019utente, per essere poi utilizzati dal sito web stesso alla successiva visita dell\u2019utente. Nel corso della navigazione, l\u2019utente pu\u00f2 ricevere sul suo dispositivo anche cookie che vengono inviati da siti web o da web server diversi (appartenenti a c.d. \u201cterze parti\u201d), sui quali possono risiedere alcuni elementi (quali, ad esempio, immagini, mappe, suoni, specifici link a pagine di altri domini) presenti sul sito web visitato. I cookie sono usati per differenti finalit\u00e0 come, ad esempio, il monitoraggio di sessioni, la memorizzazione di informazioni su specifiche configurazioni riguardanti gli utenti che accedono al server, ecc.<\/p>\n<p>Per maggiori informazioni relative ai cookie, consultare la <a href=\"https:\/\/www.sarlux.saras.it\/it\/cookie-policy\/\">Cookie Policy<\/a><\/p>\n<h5><\/h5>\n<p>&nbsp;<\/p>\n<h5><strong>Modalit\u00e0 di trattamento dei dati personali<\/strong><\/h5>\n<p>I dati personali raccolti dal sito web sono trattati con strumenti automatizzati per il tempo strettamente necessario a conseguire gli scopi per cui sono stati raccolti. Il titolare del trattamento dei dati si impegna a rispettare e a proteggere la riservatezza dei dati forniti, trattandoli nel rispetto delle disposizioni di legge e con modalit\u00e0 idonee a garantire l\u2019esattezza, l\u2019aggiornamento e la pertinenza dei dati rispetto alle finalit\u00e0 del trattamento. Sarlux S.p.A. adotta le opportune misure di sicurezza volte a impedire l\u2019accesso, la divulgazione, la modifica o la distruzione non autorizzate dei dati personali. Infatti, sono state implementate adeguate misure di sicurezza tecniche e organizzative per prevenire danni, siano essi materiali o immateriali (es. perdita del controllo dei dati personali o limitazione dei diritti, discriminazione, furto o usurpazione d\u2019identit\u00e0, perdite finanziarie, decifratura non autorizzata della pseudonimizzazione, pregiudizio alla reputazione, perdita di riservatezza dei dati personali protetti da segreto professionale o qualsiasi altro danno economico o sociale significativo).<\/p>\n<p>&nbsp;<\/p>\n<h5><strong>Soggetti ai quali i dati personali possono essere comunicati<\/strong><\/h5>\n<p>I dati forniti dall\u2019Utente nonch\u00e9 quelli raccolti dal Sito nell\u2019ambito dei relativi servizi (es. indirizzo IP) non saranno diffusi e potranno essere comunicati, per le finalit\u00e0 e modalit\u00e0 illustrate nella presente Privacy e Cookie Policy, alle categorie di soggetti di seguito indicate:<\/p>\n<ul>\n<li>societ\u00e0, collaboratori, consulenti o liberi professionisti di cui la Societ\u00e0 si avvale per lo svolgimento di compiti di natura tecnica o organizzativa (quali, ad esempio, i fornitori di servizi IT), o con cui la Societ\u00e0 collabora (incluse le altre societ\u00e0 del Gruppo), ai fini della erogazione e funzionamento dei propri servizi, o per eventuali attivit\u00e0 di comunicazione;<\/li>\n<li>persone, societ\u00e0 o studi professionali che prestino attivit\u00e0 di assistenza e consulenza alla Societ\u00e0, con particolare ma non esclusivo riferimento alle questioni in materia contabile, amministrativa, legale, tributaria e finanziaria;<\/li>\n<li>soggetti cui la facolt\u00e0 di accedere ai dati sia riconosciuta da disposizioni di legge o da ordini delle Autorit\u00e0.<\/li>\n<\/ul>\n<p>I soggetti appartenenti alle categorie sopra indicate utilizzeranno i dati in qualit\u00e0 di autonomi titolari del trattamento ai sensi di legge o di responsabili del trattamento, regolarmente nominati dalla Societ\u00e0 ai sensi dell\u2019art. 28 del Regolamento.<\/p>\n<p>&nbsp;<\/p>\n<h5><strong>Trasferimento di dati verso Paesi\/organizzazioni extra UE <\/strong><\/h5>\n<p>Ove necessario per il perseguimento delle finalit\u00e0 menzionate, i dati dell\u2019interessato potrebbero essere trasferiti all\u2019estero, verso Paesi\/organizzazioni extra UE che garantiscano un livello di protezione dei dati personali ritenuto adeguato dalla Commissione Europea con propria decisione, o comunque sulla base di altre garanzie appropriate, quali ad esempio le Clausole Contrattuali Standard adottate dalla Commissione Europea. Una copia dei dati eventualmente trasferiti all\u2019estero, nonch\u00e9 l\u2019elenco dei Paesi\/organizzazioni extra UE verso i quali i dati sono stati trasferiti, potranno essere richiesti al Titolare del trattamento presentando apposita richiesta, mediante posta elettronica inviata all\u2019indirizzo privacy@saras.it.<\/p>\n<p>&nbsp;<\/p>\n<h5><strong>Diritti dell\u2019interessato <\/strong><\/h5>\n<p>Ai sensi degli articoli da 15 a 22, il Regolamento conferisce agli interessati la possibilit\u00e0 di esercitare specifici diritti. In particolare, l\u2019interessato pu\u00f2 ottenere: a) la conferma dell\u2019esistenza di trattamenti di dati personali che lo riguardano e, in tal caso, l\u2019acceso a tali dati; b) la rettifica dei dati personali inesatti e l\u2019integrazione dei dati personali incompleti; c) la cancellazione dei dati personali che lo riguardano, nei casi in cui ci\u00f2 sia consentito dal Regolamento; d) la limitazione del trattamento, nelle ipotesi previste dal Regolamento; e) la comunicazione, ai destinatari cui siano stati trasmessi i dati personali, delle richieste di rettifica\/cancellazione dei dati personali e di limitazione del trattamento pervenute dall\u2019interessato, salvo che ci\u00f2 si riveli impossibile o implichi uno sforzo sproporzionato; f) la ricezione, in un formato strutturato, di uso comune e leggibile da dispositivo automatico, dei dati personali forniti al Titolare del trattamento, nonch\u00e9 la trasmissione degli stessi a un altro titolare del trattamento, e ci\u00f2 in qualsiasi momento, anche alla cessazione dei rapporti eventualmente intrattenuti col Titolare del trattamento.<\/p>\n<p>L\u2019interessato ha altres\u00ec il diritto di opporsi in qualsiasi momento ai trattamenti di dati personali che lo riguardano: in tali casi, il Titolare del trattamento \u00e8 tenuto ad astenersi da ogni ulteriore trattamento, fatte salve le ipotesi consentite dal Regolamento. L\u2019interessato ha inoltre il diritto di non essere sottoposto a una decisione basata unicamente sul trattamento automatizzato, compresa la profilazione, che produca effetti giuridici che lo riguardano o che incida in modo analogo significativamente sulla sua persona, salvo che tale decisione: a) sia necessaria per la conclusione o l\u2019esecuzione di un contratto tra l\u2019interessato e il Titolare del trattamento; b) sia autorizzata dal diritto dell\u2019Unione o dello Stato membro cui \u00e8 soggetto il Titolare del trattamento; c) si basi sul consenso esplicito dell\u2019interessato. Nelle ipotesi di cui alle predette lettere a) e c), l\u2019interessato ha il diritto di ottenere l\u2019intervento umano da parte del Titolare del trattamento, di esprimere la propria opinione e di contestare la decisione. Le richieste possono essere presentate mediante posta elettronica inviata all\u2019indirizzo <a href=\"mailto:privacy@saras.it\">privacy@saras.it<\/a>. L\u2019interessato ha, inoltre, il diritto di proporre reclamo al Garante per la protezione dei dati personali ai sensi dell\u2019art. 77 del Regolamento (UE) 2016\/679, nonch\u00e9 di adire le opportune sedi giudiziarie ai sensi degli artt. 78 e 79 del Regolamento medesimo.<\/p>\n<p>&nbsp;<\/p>\n<p>Ultima modifica: 12\/04\/2022[\/vc_column_text][vc_empty_space][\/vc_column][\/vc_row]<\/p>\n<\/div>","protected":false},"excerpt":{"rendered":"<p>[vc_row][vc_column][vc_empty_space height=&#8221;16px&#8221;][vc_column_text] Privacy policy &nbsp; Ai sensi degli artt. 13 e 14 del Regolamento (UE) 2016\/679 (\u201cil Regolamento\u201d), desideriamo informare gli utenti in merito alle modalit\u00e0<span class=\"excerpt-hellip\"> [\u2026]<\/span><\/p>\n","protected":false},"author":2,"featured_media":0,"parent":0,"menu_order":6,"comment_status":"closed","ping_status":"closed","template":"","meta":{"_acf_changed":false,"inline_featured_image":false,"footnotes":""},"class_list":["post-543906","page","type-page","status-publish","hentry"],"acf":[],"yoast_head":"<!-- This site is optimized with the Yoast SEO plugin v27.3 - https:\/\/yoast.com\/product\/yoast-seo-wordpress\/ -->\n<title>Privacy policy - Sarlux Saras | Refining &amp; Power<\/title>\n<meta name=\"robots\" content=\"index, follow, max-snippet:-1, max-image-preview:large, max-video-preview:-1\" \/>\n<link rel=\"canonical\" href=\"https:\/\/www.sarlux.saras.it\/it\/privacy-policy\/\" \/>\n<meta property=\"og:locale\" content=\"it_IT\" \/>\n<meta property=\"og:type\" content=\"article\" \/>\n<meta property=\"og:title\" content=\"Privacy policy - Sarlux Saras | Refining &amp; Power\" \/>\n<meta property=\"og:description\" content=\"[vc_row][vc_column][vc_empty_space height=&#8221;16px&#8221;][vc_column_text] Privacy policy &nbsp; Ai sensi degli artt. 13 e 14 del Regolamento (UE) 2016\/679 (\u201cil Regolamento\u201d), desideriamo informare gli utenti in merito alle modalit\u00e0 [\u2026]\" \/>\n<meta property=\"og:url\" content=\"https:\/\/www.sarlux.saras.it\/it\/privacy-policy\/\" \/>\n<meta property=\"og:site_name\" content=\"Sarlux Saras | Refining &amp; Power\" \/>\n<meta property=\"article:modified_time\" content=\"2023-07-25T10:35:13+00:00\" \/>\n<meta name=\"twitter:card\" content=\"summary_large_image\" \/>\n<meta name=\"twitter:label1\" content=\"Tempo di lettura stimato\" \/>\n\t<meta name=\"twitter:data1\" content=\"10 minuti\" \/>\n<script type=\"application\/ld+json\" class=\"yoast-schema-graph\">{\"@context\":\"https:\\\/\\\/schema.org\",\"@graph\":[{\"@type\":\"WebPage\",\"@id\":\"https:\\\/\\\/www.sarlux.saras.it\\\/it\\\/privacy-policy\\\/\",\"url\":\"https:\\\/\\\/www.sarlux.saras.it\\\/it\\\/privacy-policy\\\/\",\"name\":\"Privacy policy - Sarlux Saras | Refining & Power\",\"isPartOf\":{\"@id\":\"https:\\\/\\\/www.sarlux.saras.it\\\/it\\\/#website\"},\"datePublished\":\"2022-02-07T17:43:21+00:00\",\"dateModified\":\"2023-07-25T10:35:13+00:00\",\"breadcrumb\":{\"@id\":\"https:\\\/\\\/www.sarlux.saras.it\\\/it\\\/privacy-policy\\\/#breadcrumb\"},\"inLanguage\":\"it-IT\",\"potentialAction\":[{\"@type\":\"ReadAction\",\"target\":[\"https:\\\/\\\/www.sarlux.saras.it\\\/it\\\/privacy-policy\\\/\"]}]},{\"@type\":\"BreadcrumbList\",\"@id\":\"https:\\\/\\\/www.sarlux.saras.it\\\/it\\\/privacy-policy\\\/#breadcrumb\",\"itemListElement\":[{\"@type\":\"ListItem\",\"position\":1,\"name\":\"Home\",\"item\":\"https:\\\/\\\/www.sarlux.saras.it\\\/it\\\/\"},{\"@type\":\"ListItem\",\"position\":2,\"name\":\"Privacy policy\"}]},{\"@type\":\"WebSite\",\"@id\":\"https:\\\/\\\/www.sarlux.saras.it\\\/it\\\/#website\",\"url\":\"https:\\\/\\\/www.sarlux.saras.it\\\/it\\\/\",\"name\":\"Sarlux\",\"description\":\"\",\"publisher\":{\"@id\":\"https:\\\/\\\/www.sarlux.saras.it\\\/it\\\/#organization\"},\"potentialAction\":[{\"@type\":\"SearchAction\",\"target\":{\"@type\":\"EntryPoint\",\"urlTemplate\":\"https:\\\/\\\/www.sarlux.saras.it\\\/it\\\/?s={search_term_string}\"},\"query-input\":{\"@type\":\"PropertyValueSpecification\",\"valueRequired\":true,\"valueName\":\"search_term_string\"}}],\"inLanguage\":\"it-IT\"},{\"@type\":\"Organization\",\"@id\":\"https:\\\/\\\/www.sarlux.saras.it\\\/it\\\/#organization\",\"name\":\"Sarlux\",\"url\":\"https:\\\/\\\/www.sarlux.saras.it\\\/it\\\/\",\"logo\":{\"@type\":\"ImageObject\",\"inLanguage\":\"it-IT\",\"@id\":\"https:\\\/\\\/www.sarlux.saras.it\\\/it\\\/#\\\/schema\\\/logo\\\/image\\\/\",\"url\":\"https:\\\/\\\/www.sarlux.saras.it\\\/wp-content\\\/uploads\\\/2017\\\/12\\\/logo-pc-1.png\",\"contentUrl\":\"https:\\\/\\\/www.sarlux.saras.it\\\/wp-content\\\/uploads\\\/2017\\\/12\\\/logo-pc-1.png\",\"width\":184,\"height\":86,\"caption\":\"Sarlux\"},\"image\":{\"@id\":\"https:\\\/\\\/www.sarlux.saras.it\\\/it\\\/#\\\/schema\\\/logo\\\/image\\\/\"}}]}<\/script>\n<!-- \/ Yoast SEO plugin. -->","yoast_head_json":{"title":"Privacy policy - Sarlux Saras | Refining & Power","robots":{"index":"index","follow":"follow","max-snippet":"max-snippet:-1","max-image-preview":"max-image-preview:large","max-video-preview":"max-video-preview:-1"},"canonical":"https:\/\/www.sarlux.saras.it\/it\/privacy-policy\/","og_locale":"it_IT","og_type":"article","og_title":"Privacy policy - Sarlux Saras | Refining & Power","og_description":"[vc_row][vc_column][vc_empty_space height=&#8221;16px&#8221;][vc_column_text] Privacy policy &nbsp; Ai sensi degli artt. 13 e 14 del Regolamento (UE) 2016\/679 (\u201cil Regolamento\u201d), desideriamo informare gli utenti in merito alle modalit\u00e0 [\u2026]","og_url":"https:\/\/www.sarlux.saras.it\/it\/privacy-policy\/","og_site_name":"Sarlux Saras | Refining & Power","article_modified_time":"2023-07-25T10:35:13+00:00","twitter_card":"summary_large_image","twitter_misc":{"Tempo di lettura stimato":"10 minuti"},"schema":{"@context":"https:\/\/schema.org","@graph":[{"@type":"WebPage","@id":"https:\/\/www.sarlux.saras.it\/it\/privacy-policy\/","url":"https:\/\/www.sarlux.saras.it\/it\/privacy-policy\/","name":"Privacy policy - Sarlux Saras | Refining & Power","isPartOf":{"@id":"https:\/\/www.sarlux.saras.it\/it\/#website"},"datePublished":"2022-02-07T17:43:21+00:00","dateModified":"2023-07-25T10:35:13+00:00","breadcrumb":{"@id":"https:\/\/www.sarlux.saras.it\/it\/privacy-policy\/#breadcrumb"},"inLanguage":"it-IT","potentialAction":[{"@type":"ReadAction","target":["https:\/\/www.sarlux.saras.it\/it\/privacy-policy\/"]}]},{"@type":"BreadcrumbList","@id":"https:\/\/www.sarlux.saras.it\/it\/privacy-policy\/#breadcrumb","itemListElement":[{"@type":"ListItem","position":1,"name":"Home","item":"https:\/\/www.sarlux.saras.it\/it\/"},{"@type":"ListItem","position":2,"name":"Privacy policy"}]},{"@type":"WebSite","@id":"https:\/\/www.sarlux.saras.it\/it\/#website","url":"https:\/\/www.sarlux.saras.it\/it\/","name":"Sarlux","description":"","publisher":{"@id":"https:\/\/www.sarlux.saras.it\/it\/#organization"},"potentialAction":[{"@type":"SearchAction","target":{"@type":"EntryPoint","urlTemplate":"https:\/\/www.sarlux.saras.it\/it\/?s={search_term_string}"},"query-input":{"@type":"PropertyValueSpecification","valueRequired":true,"valueName":"search_term_string"}}],"inLanguage":"it-IT"},{"@type":"Organization","@id":"https:\/\/www.sarlux.saras.it\/it\/#organization","name":"Sarlux","url":"https:\/\/www.sarlux.saras.it\/it\/","logo":{"@type":"ImageObject","inLanguage":"it-IT","@id":"https:\/\/www.sarlux.saras.it\/it\/#\/schema\/logo\/image\/","url":"https:\/\/www.sarlux.saras.it\/wp-content\/uploads\/2017\/12\/logo-pc-1.png","contentUrl":"https:\/\/www.sarlux.saras.it\/wp-content\/uploads\/2017\/12\/logo-pc-1.png","width":184,"height":86,"caption":"Sarlux"},"image":{"@id":"https:\/\/www.sarlux.saras.it\/it\/#\/schema\/logo\/image\/"}}]}},"_links":{"self":[{"href":"https:\/\/www.sarlux.saras.it\/it\/wp-json\/wp\/v2\/pages\/543906","targetHints":{"allow":["GET"]}}],"collection":[{"href":"https:\/\/www.sarlux.saras.it\/it\/wp-json\/wp\/v2\/pages"}],"about":[{"href":"https:\/\/www.sarlux.saras.it\/it\/wp-json\/wp\/v2\/types\/page"}],"author":[{"embeddable":true,"href":"https:\/\/www.sarlux.saras.it\/it\/wp-json\/wp\/v2\/users\/2"}],"replies":[{"embeddable":true,"href":"https:\/\/www.sarlux.saras.it\/it\/wp-json\/wp\/v2\/comments?post=543906"}],"version-history":[{"count":8,"href":"https:\/\/www.sarlux.saras.it\/it\/wp-json\/wp\/v2\/pages\/543906\/revisions"}],"predecessor-version":[{"id":545569,"href":"https:\/\/www.sarlux.saras.it\/it\/wp-json\/wp\/v2\/pages\/543906\/revisions\/545569"}],"wp:attachment":[{"href":"https:\/\/www.sarlux.saras.it\/it\/wp-json\/wp\/v2\/media?parent=543906"}],"curies":[{"name":"wp","href":"https:\/\/api.w.org\/{rel}","templated":true}]}}